{"id":8,"date":"2018-10-20T08:35:52","date_gmt":"2018-10-20T08:35:52","guid":{"rendered":"https:\/\/hutv.hu\/?page_id=8"},"modified":"2019-01-15T09:51:33","modified_gmt":"2019-01-15T09:51:33","slug":"rolunk","status":"publish","type":"page","link":"https:\/\/hutv.hu\/index.php\/rolunk\/","title":{"rendered":"R\u00f3lunk"},"content":{"rendered":"<div id=\"themify_builder_content-8\" data-postid=\"8\" class=\"themify_builder_content themify_builder_content-8 themify_builder\">\n\n    \t\t\t\t<!-- module_row -->\n\t\t<div  class=\"themify_builder_row module_row clearfix module_row_0 themify_builder_8_row module_row_8-0\">\n\t\t\t\t\t\t<div class=\"row_inner col_align_top\" >\n                            \n\t\t<div  class=\"module_column tb-column col-full first tb_8_column module_column_0 module_column_8-0-0\" >\n                                                                <div class=\"tb-column-inner\">\n                            \n\n<!-- module text -->\n<div  id=\"text-8-0-0-0\" class=\"module module-text text-8-0-0-0  repeat  \">\n    <!--insert-->\n            <h3 class=\"module-title\">R\u00f3lunk<\/h3>    \n        <p>A HuTv c\u00e9lja, hogy\u00a0min\u0151s\u00e9gi \u00e9s j\u00f3 m\u0171sorokat k\u00e9sz\u00edtsen melyekkel a n\u00e9z\u0151ink h\u00edr \u00e9hs\u00e9g\u00e9t kiel\u00e9g\u00edthetj\u00fck.<\/p>        <\/div>\n<!-- \/module text -->\n\n\n\n    <div class=\"tb_slider_loader\"><\/div>\n    <div id=\"testimonial-slider-8-0-0-1\" class=\"module module-testimonial-slider testimonial-slider-8-0-0-1 themify_builder_slider_wrap clearfix  image-top   \">\n        <!--insert-->\n                <ul class=\"themify_builder_slider\"\n            data-id=\"testimonial-slider-8-0-0-1\" \n            data-visible=\"1\" \n            data-mob-visible=\"0\"\n            data-scroll=\"1\" \n            data-auto-scroll=\"off\"\n            data-speed=\"1\"\n            data-wrap=\"yes\"\n            data-arrow=\"yes\"\n            data-pagination=\"yes\"\n            data-effect=\"scroll\" \n            data-height=\"variable\" \n            data-pause-on-hover=\"resume\"\n            >\n                        <li>\n            <div >\n                \t\n\n                \n                <div class=\"testimonial-content\">\n                                        \t\t\t\t\t\t<div class=\"testimonial-entry-content\">\n\t\t\t\t\t\t\t<div class=\"testimonial-content-main\"><p>M\u0171sorainkat hamarosan n\u00e9zheted, k\u00e9r\u00fcnk T\u00e9ged, hogy n\u00e9zz vissza k\u00e9s\u0151bb!\u00a0<\/p>\n<p>A vil\u00e1gunk m\u00e1r nem f\u00fcgg a frekvencia enged\u00e9lyez\u00e9sekt\u0151l, \u00edgy a korunk k\u00f6vetelm\u00e9nyeinek eleget t\u00e9ve belev\u00e1gunk az online t\u00e9v\u00e9z\u00e9s vil\u00e1g\u00e1ba.\u00a0<\/p>\n<p>Weboldalunk naponta friss\u00fcl\u0151 h\u00edrekkel v\u00e1rja a n\u00e9z\u0151k figyelm\u00e9t.<\/p>\n<p>K\u00f6vesd a honlapunkon kereszt\u00fcl m\u0171sorainkat b\u00e1rhol is \u00e9lj a vil\u00e1gban, hiszen ad\u00e1sunk folyamatosan n\u00e9zhet\u0151 az internetnek k\u00f6sz\u00f6nhet\u0151en.<\/p>\n<p>Ne f\u00e9lj figyelni r\u00e1nk \u00e9s terjeszteni a m\u0171sorainkat!<\/p>\n<p>Manipul\u00e1ci\u00f3 mentes inform\u00e1ci\u00f3t \u00e9s h\u00edreket adunk \u00d6nnek.<\/p><\/div>\t\t\t\t\t\t<\/div>\n                                        \n                                            <div class=\"testimonial-author\">\n                            <div class=\"person-name\">OAVE Group<\/div>\n                            <div class=\"person-company\">\n                                                                                            <\/div>\n                        <\/div>\n                                    <\/div>\n                <!-- \/testimonial-content -->\n            <\/div>\n        <\/li>\n            <\/ul>\n    <\/div>\n        \n                        <\/div>\n                    \t\t<\/div>\n\t\t                                <\/div>\n                                <!-- \/row_inner -->\n                        <\/div>\n                        <!-- \/module_row -->\n\t\t<\/div>\n","protected":false},"excerpt":{"rendered":"<p>R\u00f3lunk A HuTv c\u00e9lja, hogy\u00a0min\u0151s\u00e9gi \u00e9s j\u00f3 m\u0171sorokat k\u00e9sz\u00edtsen melyekkel a n\u00e9z\u0151ink h\u00edr \u00e9hs\u00e9g\u00e9t kiel\u00e9g\u00edthetj\u00fck. M\u0171sorainkat hamarosan n\u00e9zheted, k\u00e9r\u00fcnk T\u00e9ged, hogy n\u00e9zz vissza k\u00e9s\u0151bb!\u00a0 A vil\u00e1gunk m\u00e1r nem f\u00fcgg a frekvencia enged\u00e9lyez\u00e9sekt\u0151l, \u00edgy a korunk k\u00f6vetelm\u00e9nyeinek eleget t\u00e9ve belev\u00e1gunk az online t\u00e9v\u00e9z\u00e9s vil\u00e1g\u00e1ba.\u00a0 Weboldalunk naponta friss\u00fcl\u0151 h\u00edrekkel v\u00e1rja a n\u00e9z\u0151k figyelm\u00e9t. K\u00f6vesd a honlapunkon kereszt\u00fcl [&hellip;]<\/p>\n","protected":false},"author":1,"featured_media":0,"parent":0,"menu_order":0,"comment_status":"closed","ping_status":"closed","template":"","meta":[],"_links":{"self":[{"href":"https:\/\/hutv.hu\/index.php\/wp-json\/wp\/v2\/pages\/8"}],"collection":[{"href":"https:\/\/hutv.hu\/index.php\/wp-json\/wp\/v2\/pages"}],"about":[{"href":"https:\/\/hutv.hu\/index.php\/wp-json\/wp\/v2\/types\/page"}],"author":[{"embeddable":true,"href":"https:\/\/hutv.hu\/index.php\/wp-json\/wp\/v2\/users\/1"}],"replies":[{"embeddable":true,"href":"https:\/\/hutv.hu\/index.php\/wp-json\/wp\/v2\/comments?post=8"}],"version-history":[{"count":57,"href":"https:\/\/hutv.hu\/index.php\/wp-json\/wp\/v2\/pages\/8\/revisions"}],"predecessor-version":[{"id":824,"href":"https:\/\/hutv.hu\/index.php\/wp-json\/wp\/v2\/pages\/8\/revisions\/824"}],"wp:attachment":[{"href":"https:\/\/hutv.hu\/index.php\/wp-json\/wp\/v2\/media?parent=8"}],"curies":[{"name":"wp","href":"https:\/\/api.w.org\/{rel}","templated":true}]}}