{"id":561,"date":"2018-12-09T14:43:46","date_gmt":"2018-12-09T14:43:46","guid":{"rendered":"https:\/\/hutv.hu\/?page_id=561"},"modified":"2018-12-09T16:53:21","modified_gmt":"2018-12-09T16:53:21","slug":"politika","status":"publish","type":"page","link":"https:\/\/hutv.hu\/index.php\/musoraink\/politika\/","title":{"rendered":"Politika"},"content":{"rendered":"<div id=\"themify_builder_content-561\" data-postid=\"561\" class=\"themify_builder_content themify_builder_content-561 themify_builder\">\n\n    \t\t\t\t<!-- module_row -->\n\t\t<div  class=\"themify_builder_row module_row clearfix fullcover fullwidth module_row_0 themify_builder_561_row module_row_561-0\">\n\t\t\t<div class=\"builder_row_cover \"><\/div>\t\t\t<div class=\"row_inner col_align_top\" >\n                            \n\t\t<div  class=\"module_column tb-column col-full first tb_561_column module_column_0 module_column_561-0-0\" >\n                                                                <div class=\"tb-column-inner\">\n                            \n\n    <!-- module fancy heading -->\n    <div  id=\"fancy-heading-561-0-0-0\" class=\"module module-fancy-heading fancy-heading-561-0-0-0  \">\n        <!--insert-->\n        <h1 class=\"fancy-heading themify-text-center\">\n        <span class=\"main-head\">Politika<\/span>\n        <span class=\"sub-head\"><\/span>\n        <\/h1>\n    <\/div>\n    <!-- \/module fancy heading -->\n\n                        <\/div>\n                    \t\t<\/div>\n\t\t                                <\/div>\n                                <!-- \/row_inner -->\n                        <\/div>\n                        <!-- \/module_row -->\n\t\t\t\t\t\t<!-- module_row -->\n\t\t<div  class=\"themify_builder_row module_row clearfix repeat module_row_1 themify_builder_561_row module_row_561-1\">\n\t\t\t\t\t\t<div class=\"row_inner col_align_top\" >\n                            \n\t\t<div  class=\"module_column tb-column col-full first tb_561_column module_column_0 module_column_561-1-0\" >\n                                                                <div class=\"tb-column-inner\">\n                            \n\n\n    <!-- module video -->\n    <div  id=\"video-561-1-0-0\" class=\"module module-video video-561-1-0-0 video-overlay   \">\n        <!--insert-->\n        \n        <div class=\"video-wrap\">\n\t\t\t<iframe title=\"B\u00f6d\u0151cs: Vill\u00e1minterj\u00fa Orb\u00e1n Viktorral\" width=\"1165\" height=\"655\" src=\"https:\/\/www.youtube.com\/embed\/K6tAm8ww7jY?feature=oembed\"  allow=\"accelerometer; autoplay; clipboard-write; encrypted-media; gyroscope; picture-in-picture; web-share\" referrerpolicy=\"strict-origin-when-cross-origin\" allowfullscreen><\/iframe>        <\/div>\n        <!-- \/video-wrap -->\n\n            <\/div>\n    <!-- \/module video -->\n    \n                        <\/div>\n                    \t\t<\/div>\n\t\t                                <\/div>\n                                <!-- \/row_inner -->\n                        <\/div>\n                        <!-- \/module_row -->\n\t\t<\/div>\n","protected":false},"excerpt":{"rendered":"<p>Politika<\/p>\n","protected":false},"author":1,"featured_media":0,"parent":532,"menu_order":0,"comment_status":"closed","ping_status":"closed","template":"","meta":[],"_links":{"self":[{"href":"https:\/\/hutv.hu\/index.php\/wp-json\/wp\/v2\/pages\/561"}],"collection":[{"href":"https:\/\/hutv.hu\/index.php\/wp-json\/wp\/v2\/pages"}],"about":[{"href":"https:\/\/hutv.hu\/index.php\/wp-json\/wp\/v2\/types\/page"}],"author":[{"embeddable":true,"href":"https:\/\/hutv.hu\/index.php\/wp-json\/wp\/v2\/users\/1"}],"replies":[{"embeddable":true,"href":"https:\/\/hutv.hu\/index.php\/wp-json\/wp\/v2\/comments?post=561"}],"version-history":[{"count":9,"href":"https:\/\/hutv.hu\/index.php\/wp-json\/wp\/v2\/pages\/561\/revisions"}],"predecessor-version":[{"id":588,"href":"https:\/\/hutv.hu\/index.php\/wp-json\/wp\/v2\/pages\/561\/revisions\/588"}],"up":[{"embeddable":true,"href":"https:\/\/hutv.hu\/index.php\/wp-json\/wp\/v2\/pages\/532"}],"wp:attachment":[{"href":"https:\/\/hutv.hu\/index.php\/wp-json\/wp\/v2\/media?parent=561"}],"curies":[{"name":"wp","href":"https:\/\/api.w.org\/{rel}","templated":true}]}}