{"id":532,"date":"2018-12-09T11:42:50","date_gmt":"2018-12-09T11:42:50","guid":{"rendered":"https:\/\/hutv.hu\/?page_id=532"},"modified":"2021-08-13T19:42:15","modified_gmt":"2021-08-13T19:42:15","slug":"musoraink","status":"publish","type":"page","link":"https:\/\/hutv.hu\/index.php\/musoraink\/","title":{"rendered":"M\u0171soraink"},"content":{"rendered":"<div id=\"themify_builder_content-532\" data-postid=\"532\" class=\"themify_builder_content themify_builder_content-532 themify_builder\">\n\n    \t\t\t\t<!-- module_row -->\n\t\t<div  class=\"themify_builder_row module_row clearfix repeat fullheight fullwidth module_row_0 themify_builder_532_row module_row_532-0\">\n\t\t\t\t\t\t<div class=\"row_inner col_align_top\" >\n                            \n\t\t<div  class=\"module_column tb-column col-full first tb_532_column module_column_0 module_column_532-0-0\" >\n                                                                <div class=\"tb-column-inner\">\n                            \n\n    <!-- module image -->\n    <div  id=\"image-532-0-0-0\" class=\"module module-image image-532-0-0-0  image-full-overlay   auto_fullwidth\">\n        <!--insert-->\n        \n        <div class=\"image-wrap\">\n                            <a href=\"https:\/\/hutv.hu\/index.php\/musoraink\/hirek\/\"\n                                      >\n                                           <img loading=\"lazy\" width=\"853\" height=\"480\" src=\"https:\/\/hutv.hu\/wp-content\/uploads\/2018\/12\/hirek-small.jpg\" class=\" wp-post-image wp-image-536\" title=\"H\u00edrek\" alt=\"H\u00edrek\" srcset=\"https:\/\/hutv.hu\/wp-content\/uploads\/2018\/12\/hirek-small.jpg 853w, https:\/\/hutv.hu\/wp-content\/uploads\/2018\/12\/hirek-small-300x169.jpg 300w, https:\/\/hutv.hu\/wp-content\/uploads\/2018\/12\/hirek-small-768x432.jpg 768w\" sizes=\"(max-width: 853px) 100vw, 853px\" \/>                <\/a>\n            \n                        <\/div>\n            <!-- \/image-wrap -->\n        \n                    <div class=\"image-content\">\n                                    <h3 class=\"image-title\">\n                                                    <a href=\"https:\/\/hutv.hu\/index.php\/musoraink\/hirek\/\" \n                                                              >\n                                   H\u00edrek                            <\/a>\n                                            <\/h3>\n                \n                                <\/div>\n            <!-- \/image-content -->\n        \n            <\/div>\n    <!-- \/module image -->\n\n\n\n    <!-- module image -->\n    <div  id=\"image-532-0-0-1\" class=\"module module-image image-532-0-0-1  image-full-overlay   auto_fullwidth\">\n        <!--insert-->\n        \n        <div class=\"image-wrap\">\n                            <a href=\"https:\/\/hutv.hu\/index.php\/hatosagi\/\"\n                                      >\n                                           <img loading=\"lazy\" width=\"720\" height=\"480\" src=\"https:\/\/hutv.hu\/wp-content\/uploads\/2018\/12\/hatosagi-small.jpg\" class=\" wp-post-image wp-image-534\" title=\"Hat\u00f3s\u00e1gi\" alt=\"Hat\u00f3s\u00e1gi\" srcset=\"https:\/\/hutv.hu\/wp-content\/uploads\/2018\/12\/hatosagi-small.jpg 720w, https:\/\/hutv.hu\/wp-content\/uploads\/2018\/12\/hatosagi-small-300x200.jpg 300w\" sizes=\"(max-width: 720px) 100vw, 720px\" \/>                <\/a>\n            \n                        <\/div>\n            <!-- \/image-wrap -->\n        \n                    <div class=\"image-content\">\n                                    <h3 class=\"image-title\">\n                                                    <a href=\"https:\/\/hutv.hu\/index.php\/hatosagi\/\" \n                                                              >\n                                   Hat\u00f3s\u00e1gi                            <\/a>\n                                            <\/h3>\n                \n                                <\/div>\n            <!-- \/image-content -->\n        \n            <\/div>\n    <!-- \/module image -->\n\n\n\n    <!-- module image -->\n    <div  id=\"image-532-0-0-2\" class=\"module module-image image-532-0-0-2  image-full-overlay   auto_fullwidth\">\n        <!--insert-->\n        \n        <div class=\"image-wrap\">\n                            <a href=\"https:\/\/hutv.hu\/index.php\/musoraink\/idojaras\/\"\n                                      >\n                                           <img loading=\"lazy\" width=\"726\" height=\"480\" src=\"https:\/\/hutv.hu\/wp-content\/uploads\/2018\/12\/idojaras-small.jpg\" class=\" wp-post-image wp-image-537\" title=\"Id\u0151j\u00e1r\u00e1s\" alt=\"Id\u0151j\u00e1r\u00e1s\" srcset=\"https:\/\/hutv.hu\/wp-content\/uploads\/2018\/12\/idojaras-small.jpg 726w, https:\/\/hutv.hu\/wp-content\/uploads\/2018\/12\/idojaras-small-300x198.jpg 300w\" sizes=\"(max-width: 726px) 100vw, 726px\" \/>                <\/a>\n            \n                        <\/div>\n            <!-- \/image-wrap -->\n        \n                    <div class=\"image-content\">\n                                    <h3 class=\"image-title\">\n                                                    <a href=\"https:\/\/hutv.hu\/index.php\/musoraink\/idojaras\/\" \n                                                              >\n                                   Id\u0151j\u00e1r\u00e1s                            <\/a>\n                                            <\/h3>\n                \n                                <\/div>\n            <!-- \/image-content -->\n        \n            <\/div>\n    <!-- \/module image -->\n\n\n\n    <!-- module image -->\n    <div  id=\"image-532-0-0-3\" class=\"module module-image image-532-0-0-3  image-full-overlay   auto_fullwidth\">\n        <!--insert-->\n        \n        <div class=\"image-wrap\">\n                            <a href=\"https:\/\/hutv.hu\/index.php\/musoraink\/uzlet\/\"\n                                      >\n                                           <img loading=\"lazy\" width=\"853\" height=\"480\" src=\"https:\/\/hutv.hu\/wp-content\/uploads\/2018\/12\/uzleti-small.jpg\" class=\" wp-post-image wp-image-538\" title=\"\u00dczleti \u00e9let\" alt=\"\u00dczleti \u00e9let\" srcset=\"https:\/\/hutv.hu\/wp-content\/uploads\/2018\/12\/uzleti-small.jpg 853w, https:\/\/hutv.hu\/wp-content\/uploads\/2018\/12\/uzleti-small-300x169.jpg 300w, https:\/\/hutv.hu\/wp-content\/uploads\/2018\/12\/uzleti-small-768x432.jpg 768w\" sizes=\"(max-width: 853px) 100vw, 853px\" \/>                <\/a>\n            \n                        <\/div>\n            <!-- \/image-wrap -->\n        \n                    <div class=\"image-content\">\n                                    <h3 class=\"image-title\">\n                                                    <a href=\"https:\/\/hutv.hu\/index.php\/musoraink\/uzlet\/\" \n                                                              >\n                                   \u00dczleti \u00e9let                            <\/a>\n                                            <\/h3>\n                \n                                <\/div>\n            <!-- \/image-content -->\n        \n            <\/div>\n    <!-- \/module image -->\n\n\n\n    <!-- module image -->\n    <div  id=\"image-532-0-0-4\" class=\"module module-image image-532-0-0-4  image-full-overlay   auto_fullwidth\">\n        <!--insert-->\n        \n        <div class=\"image-wrap\">\n                            <a href=\"https:\/\/hutv.hu\/index.php\/musoraink\/tech\/\"\n                                      >\n                                           <img loading=\"lazy\" width=\"668\" height=\"480\" src=\"https:\/\/hutv.hu\/wp-content\/uploads\/2018\/12\/tech-tudomany-small.jpg\" class=\" wp-post-image wp-image-539\" title=\"Technol\u00f3gia \u00e9s Tudom\u00e1ny\" alt=\"Technol\u00f3gia \u00e9s Tudom\u00e1ny\" srcset=\"https:\/\/hutv.hu\/wp-content\/uploads\/2018\/12\/tech-tudomany-small.jpg 668w, https:\/\/hutv.hu\/wp-content\/uploads\/2018\/12\/tech-tudomany-small-300x216.jpg 300w\" sizes=\"(max-width: 668px) 100vw, 668px\" \/>                <\/a>\n            \n                        <\/div>\n            <!-- \/image-wrap -->\n        \n                    <div class=\"image-content\">\n                                    <h3 class=\"image-title\">\n                                                    <a href=\"https:\/\/hutv.hu\/index.php\/musoraink\/tech\/\" \n                                                              >\n                                   Technol\u00f3gia \u00e9s Tudom\u00e1ny                            <\/a>\n                                            <\/h3>\n                \n                                <\/div>\n            <!-- \/image-content -->\n        \n            <\/div>\n    <!-- \/module image -->\n\n\n\n    <!-- module image -->\n    <div  id=\"image-532-0-0-5\" class=\"module module-image image-532-0-0-5  image-full-overlay   auto_fullwidth\">\n        <!--insert-->\n        \n        <div class=\"image-wrap\">\n                            <a href=\"https:\/\/hutv.hu\/index.php\/politika\/\"\n                                      >\n                                           <img loading=\"lazy\" width=\"720\" height=\"480\" src=\"https:\/\/hutv.hu\/wp-content\/uploads\/2018\/12\/politika-small.jpg\" class=\" wp-post-image wp-image-533\" title=\"Politika\" alt=\"Politika\" srcset=\"https:\/\/hutv.hu\/wp-content\/uploads\/2018\/12\/politika-small.jpg 720w, https:\/\/hutv.hu\/wp-content\/uploads\/2018\/12\/politika-small-300x200.jpg 300w\" sizes=\"(max-width: 720px) 100vw, 720px\" \/>                <\/a>\n            \n                        <\/div>\n            <!-- \/image-wrap -->\n        \n                    <div class=\"image-content\">\n                                    <h3 class=\"image-title\">\n                                                    <a href=\"https:\/\/hutv.hu\/index.php\/politika\/\" \n                                                              >\n                                   Politika                            <\/a>\n                                            <\/h3>\n                \n                                <\/div>\n            <!-- \/image-content -->\n        \n            <\/div>\n    <!-- \/module image -->\n\n\n\n    <!-- module image -->\n    <div  id=\"image-532-0-0-6\" class=\"module module-image image-532-0-0-6  image-full-overlay   auto_fullwidth\">\n        <!--insert-->\n        \n        <div class=\"image-wrap\">\n                            <a href=\"https:\/\/hutv.hu\/index.php\/musoraink\/kornyezet\/\"\n                                      >\n                                           <img loading=\"lazy\" width=\"791\" height=\"480\" src=\"https:\/\/hutv.hu\/wp-content\/uploads\/2018\/12\/kornyezetvedelem-small.jpg\" class=\" wp-post-image wp-image-540\" title=\"K\u00f6rnyezetv\u00e9delem\" alt=\"K\u00f6rnyezetv\u00e9delem\" srcset=\"https:\/\/hutv.hu\/wp-content\/uploads\/2018\/12\/kornyezetvedelem-small.jpg 791w, https:\/\/hutv.hu\/wp-content\/uploads\/2018\/12\/kornyezetvedelem-small-300x182.jpg 300w, https:\/\/hutv.hu\/wp-content\/uploads\/2018\/12\/kornyezetvedelem-small-768x466.jpg 768w\" sizes=\"(max-width: 791px) 100vw, 791px\" \/>                <\/a>\n            \n                        <\/div>\n            <!-- \/image-wrap -->\n        \n                    <div class=\"image-content\">\n                                    <h3 class=\"image-title\">\n                                                    <a href=\"https:\/\/hutv.hu\/index.php\/musoraink\/kornyezet\/\" \n                                                              >\n                                   K\u00f6rnyezetv\u00e9delem                            <\/a>\n                                            <\/h3>\n                \n                                <\/div>\n            <!-- \/image-content -->\n        \n            <\/div>\n    <!-- \/module image -->\n\n\n\n    <!-- module image -->\n    <div  id=\"image-532-0-0-7\" class=\"module module-image image-532-0-0-7  image-full-overlay   auto_fullwidth\">\n        <!--insert-->\n        \n        <div class=\"image-wrap\">\n                            <a href=\"https:\/\/hutv.hu\/index.php\/beszelgetos\/\"\n                                      >\n                                           <img loading=\"lazy\" width=\"1035\" height=\"480\" src=\"https:\/\/hutv.hu\/wp-content\/uploads\/2018\/12\/beszelgetos-small.jpg\" class=\" wp-post-image wp-image-535\" title=\"Besz\u00e9lget\u0151s\" alt=\"Besz\u00e9lget\u0151s\" srcset=\"https:\/\/hutv.hu\/wp-content\/uploads\/2018\/12\/beszelgetos-small.jpg 1035w, https:\/\/hutv.hu\/wp-content\/uploads\/2018\/12\/beszelgetos-small-300x139.jpg 300w, https:\/\/hutv.hu\/wp-content\/uploads\/2018\/12\/beszelgetos-small-768x356.jpg 768w, https:\/\/hutv.hu\/wp-content\/uploads\/2018\/12\/beszelgetos-small-1024x475.jpg 1024w\" sizes=\"(max-width: 1035px) 100vw, 1035px\" \/>                <\/a>\n            \n                        <\/div>\n            <!-- \/image-wrap -->\n        \n                    <div class=\"image-content\">\n                                    <h3 class=\"image-title\">\n                                                    <a href=\"https:\/\/hutv.hu\/index.php\/beszelgetos\/\" \n                                                              >\n                                   Besz\u00e9lget\u0151s                            <\/a>\n                                            <\/h3>\n                \n                                <\/div>\n            <!-- \/image-content -->\n        \n            <\/div>\n    <!-- \/module image -->\n\n                        <\/div>\n                    \t\t<\/div>\n\t\t                                <\/div>\n                                <!-- \/row_inner -->\n                        <\/div>\n                        <!-- \/module_row -->\n\t\t<\/div>\n","protected":false},"excerpt":{"rendered":"<p>H\u00edrek Hat\u00f3s\u00e1gi Id\u0151j\u00e1r\u00e1s \u00dczleti \u00e9let Technol\u00f3gia \u00e9s Tudom\u00e1ny Politika K\u00f6rnyezetv\u00e9delem Besz\u00e9lget\u0151s<\/p>\n","protected":false},"author":1,"featured_media":0,"parent":0,"menu_order":0,"comment_status":"closed","ping_status":"closed","template":"","meta":[],"_links":{"self":[{"href":"https:\/\/hutv.hu\/index.php\/wp-json\/wp\/v2\/pages\/532"}],"collection":[{"href":"https:\/\/hutv.hu\/index.php\/wp-json\/wp\/v2\/pages"}],"about":[{"href":"https:\/\/hutv.hu\/index.php\/wp-json\/wp\/v2\/types\/page"}],"author":[{"embeddable":true,"href":"https:\/\/hutv.hu\/index.php\/wp-json\/wp\/v2\/users\/1"}],"replies":[{"embeddable":true,"href":"https:\/\/hutv.hu\/index.php\/wp-json\/wp\/v2\/comments?post=532"}],"version-history":[{"count":40,"href":"https:\/\/hutv.hu\/index.php\/wp-json\/wp\/v2\/pages\/532\/revisions"}],"predecessor-version":[{"id":756,"href":"https:\/\/hutv.hu\/index.php\/wp-json\/wp\/v2\/pages\/532\/revisions\/756"}],"wp:attachment":[{"href":"https:\/\/hutv.hu\/index.php\/wp-json\/wp\/v2\/media?parent=532"}],"curies":[{"name":"wp","href":"https:\/\/api.w.org\/{rel}","templated":true}]}}