{"id":11,"date":"2018-10-20T08:48:00","date_gmt":"2018-10-20T08:48:00","guid":{"rendered":"https:\/\/hutv.hu\/?page_id=11"},"modified":"2019-05-04T16:00:27","modified_gmt":"2019-05-04T16:00:27","slug":"kapcsolat","status":"publish","type":"page","link":"https:\/\/hutv.hu\/index.php\/kapcsolat\/","title":{"rendered":"Kapcsolat"},"content":{"rendered":"<div id=\"themify_builder_content-11\" data-postid=\"11\" class=\"themify_builder_content themify_builder_content-11 themify_builder\">\n\n    \t\t\t\t<!-- module_row -->\n\t\t<div  class=\"themify_builder_row module_row clearfix fullcover module_row_0 themify_builder_11_row module_row_11-0\">\n\t\t\t<div class=\"builder_row_cover \"><\/div>\t\t\t<div class=\"row_inner col_align_top\" >\n                            \n\t\t<div  class=\"module_column tb-column col-full first tb_11_column module_column_0 module_column_11-0-0\" >\n                                        \t\t<\/div>\n\t\t                                <\/div>\n                                <!-- \/row_inner -->\n                        <\/div>\n                        <!-- \/module_row -->\n\t\t\t\t\t\t<!-- module_row -->\n\t\t<div  class=\"themify_builder_row module_row clearfix module_row_1 themify_builder_11_row module_row_11-1\">\n\t\t\t\t\t\t<div class=\"row_inner col_align_top\" >\n                            \n\t\t<div style=\"width:25.4%\" class=\"module_column tb-column col3-1 first tb_11_column module_column_0 module_column_11-1-0\" >\n                                        \t\t<\/div>\n\t\t\n\t\t<div style=\"width:41%\" class=\"module_column tb-column col3-1 middle tb_11_column module_column_1 module_column_11-1-1\" >\n                                                                <div class=\"tb-column-inner\">\n                            \n\n<!-- module text -->\n<div  id=\"text-11-1-1-0\" class=\"module module-text text-11-1-1-0  repeat  \">\n    <!--insert-->\n            <h3 class=\"module-title\">Kapcsolat<\/h3>    \n                <\/div>\n<!-- \/module text -->\n\n                        <\/div>\n                    \t\t<\/div>\n\t\t\n\t\t<div style=\"width:27.2%\" class=\"module_column tb-column col3-1 last tb_11_column module_column_2 module_column_11-1-2\" >\n                                        \t\t<\/div>\n\t\t                                <\/div>\n                                <!-- \/row_inner -->\n                        <\/div>\n                        <!-- \/module_row -->\n\t\t\t\t\t\t<!-- module_row -->\n\t\t<div  class=\"themify_builder_row module_row clearfix repeat module_row_2 themify_builder_11_row module_row_11-2\">\n\t\t\t\t\t\t<div class=\"row_inner col_align_top\"   data-basecol=\"2\" data-col_mobile=\"column-full\">\n                            \n\t\t<div style=\"width:32.8%\" class=\"module_column tb-column col3-1 first tb_11_column module_column_0 module_column_11-2-0 repeat\" >\n                                                                <div class=\"tb-column-inner\">\n                            \n\n<!-- module text -->\n<div  id=\"text-11-2-0-0\" class=\"module module-text text-11-2-0-0  repeat  \">\n    <!--insert-->\n    \n        <h4>\u00a0HuTv<\/h4>\n<p>H-1165 Budapest, D\u00f3ra t\u00e9r 5.<\/p>\n<p>info.hutv@gmail.com<\/p>\n<p>Tel: +36\/70-251-4976<\/p>        <\/div>\n<!-- \/module text -->\n\n\n\n<!-- module text -->\n<div  id=\"text-11-2-0-1\" class=\"module module-text text-11-2-0-1  repeat  \">\n    <!--insert-->\n    \n        <h6>Telefonos kapcsolat fel\u00e9vetel az al\u00e1bbi id\u0151intervallumban lehets\u00e9ges:<\/h6>\n<p>H\u00e9tf\u0151-P\u00e9ntek: 9:00 &#8211; 17:00<\/p>\n<p>Szombat: 9:00- 13:00<br \/><br \/><\/p>        <\/div>\n<!-- \/module text -->\n\n                        <\/div>\n                    \t\t<\/div>\n\t\t\n\t\t<div style=\"width:64%\" class=\"module_column tb-column col3-2 last tb_11_column module_column_1 module_column_11-2-1\" >\n                                                                <div class=\"tb-column-inner\">\n                            \n\n<!-- module text -->\n<div  id=\"text-11-2-1-0\" class=\"module module-text text-11-2-1-0  repeat  \">\n    <!--insert-->\n    \n        <p>Van egy\u00a0\u00f6tlete vagy egy\u00a0j\u00f3 tippje?<\/p>\n<p>\u00cdrja le vagy mondja el nek\u00fcnk.<\/p>\n<p>K\u00fcldj\u00f6n \u00fczenetet sz\u00e1munkra, hamarosan v\u00e1laszolunk.<\/p>        <\/div>\n<!-- \/module text -->\n\n\n\n\n    <!-- module widget -->\n    <div  id=\"widget-11-2-1-1\" class=\"module module-widget widget-11-2-1-1  repeat \">\n        <!--insert-->\n        <div class=\"widget wpforms-widget\"><div class=\"wpforms-container wpforms-container-full\" id=\"wpforms-18\"><form id=\"wpforms-form-18\" class=\"wpforms-validate wpforms-form\" data-formid=\"18\" method=\"post\" enctype=\"multipart\/form-data\" action=\"\/index.php\/wp-json\/wp\/v2\/pages\/11\"><div class=\"wpforms-head-container\"><div class=\"wpforms-title\">\u00dczenet<\/div><\/div><div class=\"wpforms-field-container\"><div id=\"wpforms-18-field_0-container\" class=\"wpforms-field wpforms-field-name\" data-field-id=\"0\"><label class=\"wpforms-field-label\" for=\"wpforms-18-field_0\">N\u00e9v <span class=\"wpforms-required-label\">*<\/span><\/label><input type=\"text\" id=\"wpforms-18-field_0\" class=\"wpforms-field-medium wpforms-field-required\" name=\"wpforms[fields][0]\" required><\/div><div id=\"wpforms-18-field_1-container\" class=\"wpforms-field wpforms-field-email\" data-field-id=\"1\"><label class=\"wpforms-field-label\" for=\"wpforms-18-field_1\">Email <span class=\"wpforms-required-label\">*<\/span><\/label><input type=\"email\" id=\"wpforms-18-field_1\" class=\"wpforms-field-medium wpforms-field-required\" name=\"wpforms[fields][1]\" required><\/div><div id=\"wpforms-18-field_2-container\" class=\"wpforms-field wpforms-field-textarea\" data-field-id=\"2\"><label class=\"wpforms-field-label\" for=\"wpforms-18-field_2\">\u00dczenet <span class=\"wpforms-required-label\">*<\/span><\/label><textarea id=\"wpforms-18-field_2\" class=\"wpforms-field-medium wpforms-field-required\" name=\"wpforms[fields][2]\" required><\/textarea><\/div><\/div><div class=\"wpforms-field wpforms-field-hp\"><label for=\"wpforms-18-field-hp\" class=\"wpforms-field-label\">Website<\/label><input type=\"text\" name=\"wpforms[hp]\" id=\"wpforms-18-field-hp\" class=\"wpforms-field-medium\"><\/div><div class=\"wpforms-submit-container\" ><input type=\"hidden\" name=\"wpforms[id]\" value=\"18\"><input type=\"hidden\" name=\"wpforms[author]\" value=\"1\"><button type=\"submit\" name=\"wpforms[submit]\" class=\"wpforms-submit \" id=\"wpforms-submit-18\" value=\"wpforms-submit\" aria-live=\"assertive\" data-alt-text=\"K\u00fcld\u00e9s folyamatban...\" data-submit-text=\"K\u00fcld\u00e9s\">K\u00fcld\u00e9s<\/button><\/div><\/form><\/div>  <!-- .wpforms-container --><\/div>    <\/div>\n    <!-- \/module widget -->\n\n                        <\/div>\n                    \t\t<\/div>\n\t\t                                <\/div>\n                                <!-- \/row_inner -->\n                        <\/div>\n                        <!-- \/module_row -->\n\t\t<\/div>\n","protected":false},"excerpt":{"rendered":"<p>Kapcsolat \u00a0HuTv H-1165 Budapest, D\u00f3ra t\u00e9r 5. info.hutv@gmail.com Tel: +36\/70-251-4976 Telefonos kapcsolat fel\u00e9vetel az al\u00e1bbi id\u0151intervallumban lehets\u00e9ges: H\u00e9tf\u0151-P\u00e9ntek: 9:00 &#8211; 17:00 Szombat: 9:00- 13:00 Van egy\u00a0\u00f6tlete vagy egy\u00a0j\u00f3 tippje? \u00cdrja le vagy mondja el nek\u00fcnk. K\u00fcldj\u00f6n \u00fczenetet sz\u00e1munkra, hamarosan v\u00e1laszolunk. \u00dczenetN\u00e9v *Email *\u00dczenet *PhoneK\u00fcld\u00e9s<\/p>\n","protected":false},"author":1,"featured_media":0,"parent":0,"menu_order":0,"comment_status":"closed","ping_status":"closed","template":"","meta":[],"_links":{"self":[{"href":"https:\/\/hutv.hu\/index.php\/wp-json\/wp\/v2\/pages\/11"}],"collection":[{"href":"https:\/\/hutv.hu\/index.php\/wp-json\/wp\/v2\/pages"}],"about":[{"href":"https:\/\/hutv.hu\/index.php\/wp-json\/wp\/v2\/types\/page"}],"author":[{"embeddable":true,"href":"https:\/\/hutv.hu\/index.php\/wp-json\/wp\/v2\/users\/1"}],"replies":[{"embeddable":true,"href":"https:\/\/hutv.hu\/index.php\/wp-json\/wp\/v2\/comments?post=11"}],"version-history":[{"count":73,"href":"https:\/\/hutv.hu\/index.php\/wp-json\/wp\/v2\/pages\/11\/revisions"}],"predecessor-version":[{"id":873,"href":"https:\/\/hutv.hu\/index.php\/wp-json\/wp\/v2\/pages\/11\/revisions\/873"}],"wp:attachment":[{"href":"https:\/\/hutv.hu\/index.php\/wp-json\/wp\/v2\/media?parent=11"}],"curies":[{"name":"wp","href":"https:\/\/api.w.org\/{rel}","templated":true}]}}